{"id":5212,"date":"2021-08-25T07:26:28","date_gmt":"2021-08-25T07:26:28","guid":{"rendered":"http:\/\/dummy.xtemos.com\/woodmart2\/?page_id=5212"},"modified":"2024-05-07T10:04:31","modified_gmt":"2024-05-07T10:04:31","slug":"about-us-3","status":"publish","type":"page","link":"http:\/\/www.kismethurda.com\/index.php\/about-us-3\/","title":{"rendered":"HAKKIMIZDA"},"content":{"rendered":"<div class=\"wpb-content-wrapper\"><p>[vc_row][vc_column][vc_empty_space height=&#8221;64px&#8221; woodmart_hide_large=&#8221;0&#8243; woodmart_hide_medium=&#8221;0&#8243; woodmart_hide_small=&#8221;0&#8243;][\/vc_column][\/vc_row][vc_row full_width=&#8221;stretch_row&#8221; content_placement=&#8221;middle&#8221; css=&#8221;.vc_custom_1629876973406{margin-top: -40px !important;margin-bottom: 80px !important;padding-top: 80px !important;padding-bottom: 40px !important;background-color: #f9f9f9 !important;}&#8221; mobile_bg_img_hidden=&#8221;no&#8221; tablet_bg_img_hidden=&#8221;no&#8221; woodmart_parallax=&#8221;0&#8243; woodmart_gradient_switch=&#8221;no&#8221; row_reverse_mobile=&#8221;0&#8243; row_reverse_tablet=&#8221;0&#8243; woodmart_disable_overflow=&#8221;0&#8243; wd_z_index=&#8221;no&#8221; woodmart_css_id=&#8221;6125f2d9a9f9b&#8221; responsive_spacing=&#8221;eyJwYXJhbV90eXBlIjoid29vZG1hcnRfcmVzcG9uc2l2ZV9zcGFjaW5nIiwic2VsZWN0b3JfaWQiOiI2MTI1ZjJkOWE5ZjliIiwic2hvcnRjb2RlIjoidmNfcm93IiwiZGF0YSI6eyJ0YWJsZXQiOnt9LCJtb2JpbGUiOnsibWFyZ2luLWJvdHRvbSI6IjYwIiwicGFkZGluZy10b3AiOiI2MCIsInBhZGRpbmctYm90dG9tIjoiMjAifX19&#8243;][vc_column css=&#8221;.vc_custom_1629876989711{margin-bottom: 40px !important;padding-top: 0px !important;}&#8221; mobile_bg_img_hidden=&#8221;no&#8221; tablet_bg_img_hidden=&#8221;no&#8221; woodmart_parallax=&#8221;0&#8243; woodmart_sticky_column=&#8221;false&#8221; parallax_scroll=&#8221;no&#8221; mobile_reset_margin=&#8221;no&#8221; tablet_reset_margin=&#8221;no&#8221; offset=&#8221;vc_col-lg-4 vc_col-md-4 vc_col-xs-12&#8243; wd_z_index=&#8221;no&#8221; woodmart_css_id=&#8221;6125f2fa74bd9&#8243; responsive_spacing=&#8221;eyJwYXJhbV90eXBlIjoid29vZG1hcnRfcmVzcG9uc2l2ZV9zcGFjaW5nIiwic2VsZWN0b3JfaWQiOiI2MTI1ZjJmYTc0YmQ5Iiwic2hvcnRjb2RlIjoidmNfY29sdW1uIiwiZGF0YSI6eyJ0YWJsZXQiOnt9LCJtb2JpbGUiOnt9fX0=&#8221;]\n\t\t<div id=\"wd-6628c6532f613\" class=\"title-wrapper wd-wpb wd-set-mb reset-last-child  wd-rs-6628c6532f613 wd-title-color-primary wd-title-style-default text-left vc_custom_1713948304294 wd-width-enabled wd-underline-colored\" style=\"--wd-max-width: 90%;\">\n\t\t\t\t\t\t\t\n\t\t\t\t<div class=\"title-subtitle  subtitle-color-primary font-default subtitle-style-default wd-font-weight-600 wd-fontsize-xs\">HAKKIMIZDA<\/div>\n\t\t\t\n\t\t\t<div class=\"liner-continer\">\n\t\t\t\t<h4 class=\"woodmart-title-container title  wd-font-weight- wd-fontsize-xxl\" >KISMET HURDA OTEL EK\u0130PMANLARI<\/h4>\n\t\t\t\t\t\t\t<\/div>\n\t\t\t\n\t\t\t\n\t\t\t\n\t\t<\/div>\n\t\t\n\t\t[\/vc_column][vc_column width=&#8221;1\/2&#8243; css=&#8221;.vc_custom_1629876984854{margin-bottom: 40px !important;padding-top: 0px !important;}&#8221; mobile_bg_img_hidden=&#8221;no&#8221; tablet_bg_img_hidden=&#8221;no&#8221; woodmart_parallax=&#8221;0&#8243; woodmart_sticky_column=&#8221;false&#8221; parallax_scroll=&#8221;no&#8221; mobile_reset_margin=&#8221;no&#8221; tablet_reset_margin=&#8221;no&#8221; offset=&#8221;vc_col-lg-offset-1 vc_col-lg-3 vc_col-md-4&#8243; wd_z_index=&#8221;no&#8221; woodmart_css_id=&#8221;6125f2f5a2779&#8243; responsive_spacing=&#8221;eyJwYXJhbV90eXBlIjoid29vZG1hcnRfcmVzcG9uc2l2ZV9zcGFjaW5nIiwic2VsZWN0b3JfaWQiOiI2MTI1ZjJmNWEyNzc5Iiwic2hvcnRjb2RlIjoidmNfY29sdW1uIiwiZGF0YSI6eyJ0YWJsZXQiOnt9LCJtb2JpbGUiOnt9fX0=&#8221;]\t\t\t<div class=\"info-box-wrapper\">\n\t\t\t\t<div id=\"wd-6628c60620e94\" class=\" wd-rs-6628c60620e94 wd-info-box wd-wpb text-left box-icon-align-left box-style- color-scheme- wd-bg-none wd-items-top vc_custom_1713948278476\">\n\t\t\t\t\t\t\t\t\t\t<div class=\"info-box-content\">\n\t\t\t\t\t\t<h2 class=\"info-box-title title box-title-style-default wd-fontsize-m\">K\u0131smet Hurda &amp; Otel Ekipmanlar\u0131 olarak, kaliteli \u00fcr\u00fcnleri ve profesyonel hizmet anlay\u0131\u015f\u0131yla m\u00fc\u015fterilerinin g\u00fcvenini kazanm\u0131\u015f bulunmaktay\u0131z.<\/h2>\t\t\t\t\t\t<div class=\"info-box-inner reset-last-child\"><\/div>\n\n\t\t\t\t\t\t\t\t\t\t\t<\/div>\n\n\t\t\t\t\t\t\t\t\t\t\t<a class=\"wd-info-box-link wd-fill\" aria-label=\"Infobox link\" href=\"#\" title=\"\"><\/a>\n\t\t\t\t\t\n\t\t\t\t\t\t\t\t\t<\/div>\n\t\t\t<\/div>\n\t\t[\/vc_column][vc_column width=&#8221;1\/2&#8243; css=&#8221;.vc_custom_1629876980184{margin-bottom: 40px !important;padding-top: 0px !important;}&#8221; mobile_bg_img_hidden=&#8221;no&#8221; tablet_bg_img_hidden=&#8221;no&#8221; woodmart_parallax=&#8221;0&#8243; woodmart_sticky_column=&#8221;false&#8221; parallax_scroll=&#8221;no&#8221; mobile_reset_margin=&#8221;no&#8221; tablet_reset_margin=&#8221;no&#8221; offset=&#8221;vc_col-lg-offset-1 vc_col-lg-3 vc_col-md-4&#8243; wd_z_index=&#8221;no&#8221; woodmart_css_id=&#8221;6125f2efc6c08&#8243; responsive_spacing=&#8221;eyJwYXJhbV90eXBlIjoid29vZG1hcnRfcmVzcG9uc2l2ZV9zcGFjaW5nIiwic2VsZWN0b3JfaWQiOiI2MTI1ZjJlZmM2YzA4Iiwic2hvcnRjb2RlIjoidmNfY29sdW1uIiwiZGF0YSI6eyJ0YWJsZXQiOnt9LCJtb2JpbGUiOnt9fX0=&#8221;]\t\t\t<div class=\"info-box-wrapper\">\n\t\t\t\t<div id=\"wd-6628c5cc95b0b\" class=\" wd-rs-6628c5cc95b0b wd-info-box wd-wpb text-left box-icon-align-left box-style- color-scheme- wd-bg-none wd-items-top vc_custom_1713948202015\">\n\t\t\t\t\t\t\t\t\t\t<div class=\"info-box-content\">\n\t\t\t\t\t\t<h2 class=\"info-box-title title box-title-style-default wd-fontsize-m\">Temel prensibimiz, d\u00fcr\u00fcstl\u00fck ve \u015feffafl\u0131kt\u0131r. Her bir m\u00fc\u015fteriyle uzun vadeli ili\u015fkiler kurarak, onlar\u0131n ihtiya\u00e7lar\u0131n\u0131 en iyi \u015fekilde kar\u015f\u0131lamay\u0131 hedefliyoruz.<\/h2>\t\t\t\t\t\t<div class=\"info-box-inner reset-last-child\"><\/div>\n\n\t\t\t\t\t\t\t\t\t\t\t<\/div>\n\n\t\t\t\t\t\t\t\t\t\t\t<a class=\"wd-info-box-link wd-fill\" aria-label=\"Infobox link\" href=\"#\" title=\"\"><\/a>\n\t\t\t\t\t\n\t\t\t\t\t\t\t\t\t<\/div>\n\t\t\t<\/div>\n\t\t[\/vc_column][\/vc_row][vc_row css=&#8221;.vc_custom_1629877038080{margin-bottom: 40px !important;}&#8221; mobile_bg_img_hidden=&#8221;no&#8221; tablet_bg_img_hidden=&#8221;no&#8221; woodmart_parallax=&#8221;0&#8243; woodmart_gradient_switch=&#8221;no&#8221; row_reverse_mobile=&#8221;1&#8243; row_reverse_tablet=&#8221;1&#8243; woodmart_disable_overflow=&#8221;0&#8243; wd_z_index=&#8221;no&#8221; woodmart_css_id=&#8221;6125f32826e3d&#8221; responsive_spacing=&#8221;eyJwYXJhbV90eXBlIjoid29vZG1hcnRfcmVzcG9uc2l2ZV9zcGFjaW5nIiwic2VsZWN0b3JfaWQiOiI2MTI1ZjMyODI2ZTNkIiwic2hvcnRjb2RlIjoidmNfcm93IiwiZGF0YSI6eyJ0YWJsZXQiOnt9LCJtb2JpbGUiOnsibWFyZ2luLWJvdHRvbSI6IjIwIn19fQ==&#8221;][vc_column css=&#8221;.vc_custom_1629877010833{margin-bottom: 40px !important;padding-top: 0px !important;}&#8221; mobile_bg_img_hidden=&#8221;no&#8221; tablet_bg_img_hidden=&#8221;no&#8221; woodmart_parallax=&#8221;0&#8243; woodmart_sticky_column=&#8221;false&#8221; parallax_scroll=&#8221;no&#8221; mobile_reset_margin=&#8221;no&#8221; tablet_reset_margin=&#8221;no&#8221; offset=&#8221;vc_col-lg-6 vc_col-md-6&#8243; wd_z_index=&#8221;no&#8221; woodmart_css_id=&#8221;6125f30edad72&#8243; responsive_spacing=&#8221;eyJwYXJhbV90eXBlIjoid29vZG1hcnRfcmVzcG9uc2l2ZV9zcGFjaW5nIiwic2VsZWN0b3JfaWQiOiI2MTI1ZjMwZWRhZDcyIiwic2hvcnRjb2RlIjoidmNfY29sdW1uIiwiZGF0YSI6eyJ0YWJsZXQiOnt9LCJtb2JpbGUiOnt9fX0=&#8221;]\t\t<div id=\"wd-6628c8a836c65\" class=\"wd-image wd-wpb wd-rs-6628c8a836c65 text-left vc_custom_1713948921834\">\n\t\t\t\n\t\t\t<img loading=\"lazy\" decoding=\"async\" width=\"1024\" height=\"768\" src=\"http:\/\/www.kismethurda.com\/wp-content\/uploads\/2024\/04\/hakimizda.jpg\" class=\"attachment-full size-full\" alt=\"\" srcset=\"http:\/\/www.kismethurda.com\/wp-content\/uploads\/2024\/04\/hakimizda.jpg 1024w, http:\/\/www.kismethurda.com\/wp-content\/uploads\/2024\/04\/hakimizda-430x323.jpg 430w, http:\/\/www.kismethurda.com\/wp-content\/uploads\/2024\/04\/hakimizda-150x113.jpg 150w, http:\/\/www.kismethurda.com\/wp-content\/uploads\/2024\/04\/hakimizda-700x525.jpg 700w, http:\/\/www.kismethurda.com\/wp-content\/uploads\/2024\/04\/hakimizda-400x300.jpg 400w, http:\/\/www.kismethurda.com\/wp-content\/uploads\/2024\/04\/hakimizda-768x576.jpg 768w, http:\/\/www.kismethurda.com\/wp-content\/uploads\/2024\/04\/hakimizda-860x645.jpg 860w\" sizes=\"auto, (max-width: 1024px) 100vw, 1024px\" \/>\n\t\t\t\t\t<\/div>\n\t\t[\/vc_column][vc_column css=&#8221;.vc_custom_1629877027060{margin-bottom: 40px !important;padding-top: 40px !important;}&#8221; mobile_bg_img_hidden=&#8221;no&#8221; tablet_bg_img_hidden=&#8221;no&#8221; woodmart_parallax=&#8221;0&#8243; woodmart_sticky_column=&#8221;false&#8221; parallax_scroll=&#8221;no&#8221; mobile_reset_margin=&#8221;no&#8221; tablet_reset_margin=&#8221;no&#8221; offset=&#8221;vc_col-lg-offset-1 vc_col-lg-5 vc_col-md-6 vc_col-xs-12&#8243; wd_z_index=&#8221;no&#8221; woodmart_css_id=&#8221;6125f320eb687&#8243; responsive_spacing=&#8221;eyJwYXJhbV90eXBlIjoid29vZG1hcnRfcmVzcG9uc2l2ZV9zcGFjaW5nIiwic2VsZWN0b3JfaWQiOiI2MTI1ZjMyMGViNjg3Iiwic2hvcnRjb2RlIjoidmNfY29sdW1uIiwiZGF0YSI6eyJ0YWJsZXQiOnt9LCJtb2JpbGUiOnsicGFkZGluZy10b3AiOiIwIn19fQ==&#8221;]\n\t\t<div id=\"wd-6628c66b4e32e\" class=\"title-wrapper wd-wpb wd-set-mb reset-last-child  wd-rs-6628c66b4e32e wd-title-color-primary wd-title-style-default text-left vc_custom_1713948344758 wd-underline-colored\">\n\t\t\t\t\t\t\t\n\t\t\t\t<div class=\"title-subtitle  subtitle-color-primary font-default subtitle-style-default wd-font-weight-600 wd-fontsize-xs\">KISMET HURDA OTEL EK\u0130PMANLARI<\/div>\n\t\t\t\n\t\t\t<div class=\"liner-continer\">\n\t\t\t\t<h4 class=\"woodmart-title-container title  wd-font-weight- wd-fontsize-xxl\" >HAKKIMIZDA<\/h4>\n\t\t\t\t\t\t\t<\/div>\n\t\t\t\n\t\t\t\n\t\t\t\n\t\t<\/div>\n\t\t\n\t\t\t\t<div id=\"wd-6628c78c1263c\" class=\"wd-text-block wd-wpb reset-last-child wd-rs-6628c78c1263c text-left wd-fontsize-custom vc_custom_1713948609295\">\n\t\t\t<p><strong>Firman\u0131n k\u00f6kenleri, y\u0131llar \u00f6ncesine dayanmaktad\u0131r. 1990&#8217;larda k\u00fc\u00e7\u00fck bir i\u015fletme olarak ba\u015flayan ser\u00fcven, zamanla b\u00fcy\u00fcyerek sekt\u00f6rde tan\u0131nan bir marka haline gelmi\u015ftir. Ba\u015flang\u0131\u00e7ta sadece hurda malzeme ticareti yaparak faaliyet g\u00f6steren firma, zamanla i\u015fini geni\u015fleterek otel ekipmanlar\u0131 alan\u0131na da girmi\u015ftir.<\/strong><\/p>\n<p><strong>Firman\u0131n hurda malzeme departman\u0131, geni\u015f bir \u00fcr\u00fcn yelpazesi sunmaktad\u0131r. Demir, \u00e7elik, al\u00fcminyum gibi farkl\u0131 metallerin yan\u0131 s\u0131ra plastik ve ka\u011f\u0131t gibi geri d\u00f6n\u00fc\u015ft\u00fcr\u00fclebilir malzemeler de bulunmaktad\u0131r. Bu malzemeler, end\u00fcstriyel tesislerden toplanarak geri d\u00f6n\u00fc\u015f\u00fcme kazand\u0131r\u0131lmakta ve \u00e7evreye katk\u0131 sa\u011flanmaktad\u0131r.<\/strong><\/p>\n\t\t<\/div>\n\t\t[vc_separator color=&#8221;custom&#8221; accent_color=&#8221;rgba(10,10,10,0.12)&#8221; css=&#8221;.vc_custom_1615616514122{margin-bottom: 20px !important;padding-top: 10px !important;}&#8221;][\/vc_column][\/vc_row][vc_row][vc_column][vc_column_text woodmart_inline=&#8221;no&#8221; text_larger=&#8221;no&#8221;]<strong>\u00d6te yandan, firma otel ekipmanlar\u0131 departman\u0131yla da sekt\u00f6rde \u00f6ne \u00e7\u0131kmaktad\u0131r. Otel i\u015fletmecili\u011fi yapan m\u00fc\u015fteriler i\u00e7in geni\u015f bir \u00fcr\u00fcn yelpazesi sunulmaktad\u0131r. Mutfak ekipmanlar\u0131, oda mobilyalar\u0131, temizlik malzemeleri ve daha bir\u00e7ok \u00fcr\u00fcn, m\u00fc\u015fterilerin ihtiya\u00e7lar\u0131na uygun olarak temin edilmektedir.<\/strong><\/p>\n<p><strong>K\u0131smet Hurda &amp; Otel Ekipmanlar\u0131, m\u00fc\u015fterilerine sundu\u011fu \u00fcr\u00fcnlerin kalitesini ve g\u00fcvenilirli\u011fini \u00f6n planda tutmaktad\u0131r. Her bir \u00fcr\u00fcn, titizlikle incelenmekte ve m\u00fc\u015fterilere en iyi kalitede sunulmaktad\u0131r. Ayr\u0131ca, firma sat\u0131\u015f sonras\u0131 destek hizmetleriyle de m\u00fc\u015fteri memnuniyetini en \u00fcst seviyede tutmay\u0131 ama\u00e7lamaktad\u0131r.<\/strong><\/p>\n<p><strong>Firman\u0131n ba\u015far\u0131s\u0131n\u0131n arkas\u0131nda, deneyimli ve uzman bir ekip bulunmaktad\u0131r. Her bir \u00e7al\u0131\u015fan, alan\u0131nda uzmanla\u015fm\u0131\u015f ve m\u00fc\u015fterilere en iyi hizmeti sunma konusunda kararl\u0131d\u0131r. Ekip i\u00e7indeki i\u015fbirli\u011fi ve uyum, firman\u0131n ba\u015far\u0131s\u0131n\u0131n temel ta\u015f\u0131n\u0131 olu\u015fturmaktad\u0131r.<\/strong><\/p>\n<p><strong>K\u0131smet Hurda &amp; Otel Ekipmanlar\u0131, sadece bir i\u015fletme olarak de\u011fil, ayn\u0131 zamanda topluma ve \u00e7evreye kar\u015f\u0131 da sorumluluklar\u0131n\u0131n bilincindedir. S\u00fcrd\u00fcr\u00fclebilirlik ilkelerine ba\u011fl\u0131 kalarak, \u00e7evreye duyarl\u0131 i\u015f uygulamalar\u0131yla \u00f6rnek olmaktad\u0131r. Ayr\u0131ca, sosyal sorumluluk projelerine aktif olarak kat\u0131larak topluma katk\u0131 sa\u011flamaktad\u0131r.<\/strong><\/p>\n<p><strong>Gelecekte de K\u0131smet Hurda &amp; Otel Ekipmanlar\u0131, sekt\u00f6rdeki lider konumunu koruyarak ba\u015far\u0131yla yoluna devam etmeyi hedeflemektedir. M\u00fc\u015fteri memnuniyetini her zaman \u00f6n planda tutarak, yenilik\u00e7i \u00e7\u00f6z\u00fcmler ve kaliteli hizmet anlay\u0131\u015f\u0131yla sekt\u00f6re y\u00f6n vermeye devam edecektir.<\/strong><\/p>\n<p><strong>K\u0131smet Hurda &amp; Otel Ekipmanlar\u0131, kaliteli \u00fcr\u00fcnleri, profesyonel hizmet anlay\u0131\u015f\u0131 ve sosyal sorumluluk bilinciyle sekt\u00f6rde \u00f6ne \u00e7\u0131kan bir firmad\u0131r. M\u00fc\u015fterilerine sa\u011flad\u0131\u011f\u0131 de\u011fer ve katk\u0131larla, uzun vadeli i\u015f ili\u015fkileri kurarak sekt\u00f6rdeki konumunu g\u00fc\u00e7lendirmeye devam edecektir.<\/strong>[\/vc_column_text][\/vc_column][\/vc_row]<\/p>\n<\/div>","protected":false},"excerpt":{"rendered":"<p>[vc_row][vc_column][vc_empty_space height=&#8221;64px&#8221; woodmart_hide_large=&#8221;0&#8243; woodmart_hide_medium=&#8221;0&#8243; woodmart_hide_small=&#8221;0&#8243;][\/vc_column][\/vc_row][vc_row full_width=&#8221;stretch_row&#8221; content_placement=&#8221;middle&#8221; css=&#8221;.vc_custom_1629876973406{margin-top: -40px !important;margin-bottom: 80px !important;padding-top: 80px !important;padding-bottom: 40px !important;background-color: #f9f9f9 !important;}&#8221; mobile_bg_img_hidden=&#8221;no&#8221; tablet_bg_img_hidden=&#8221;no&#8221;<\/p>\n","protected":false},"author":1,"featured_media":0,"parent":0,"menu_order":0,"comment_status":"closed","ping_status":"closed","template":"","meta":{"footnotes":""},"class_list":["post-5212","page","type-page","status-publish","hentry"],"_links":{"self":[{"href":"http:\/\/www.kismethurda.com\/index.php\/wp-json\/wp\/v2\/pages\/5212","targetHints":{"allow":["GET"]}}],"collection":[{"href":"http:\/\/www.kismethurda.com\/index.php\/wp-json\/wp\/v2\/pages"}],"about":[{"href":"http:\/\/www.kismethurda.com\/index.php\/wp-json\/wp\/v2\/types\/page"}],"author":[{"embeddable":true,"href":"http:\/\/www.kismethurda.com\/index.php\/wp-json\/wp\/v2\/users\/1"}],"replies":[{"embeddable":true,"href":"http:\/\/www.kismethurda.com\/index.php\/wp-json\/wp\/v2\/comments?post=5212"}],"version-history":[{"count":6,"href":"http:\/\/www.kismethurda.com\/index.php\/wp-json\/wp\/v2\/pages\/5212\/revisions"}],"predecessor-version":[{"id":9566,"href":"http:\/\/www.kismethurda.com\/index.php\/wp-json\/wp\/v2\/pages\/5212\/revisions\/9566"}],"wp:attachment":[{"href":"http:\/\/www.kismethurda.com\/index.php\/wp-json\/wp\/v2\/media?parent=5212"}],"curies":[{"name":"wp","href":"https:\/\/api.w.org\/{rel}","templated":true}]}}